{"id":66,"date":"2022-12-09T14:31:46","date_gmt":"2022-12-09T13:31:46","guid":{"rendered":"https:\/\/serrurierbourglareinefr.wordpress.com\/?page_id=66"},"modified":"2023-05-09T19:37:35","modified_gmt":"2023-05-09T17:37:35","slug":"depannage","status":"publish","type":"page","link":"https:\/\/serrurierbourglareine.fr\/index.php\/depannage\/","title":{"rendered":"D\u00e9pannage de Serrurerie \u00e0 Bourg-la-Reine"},"content":{"rendered":"\n<div class=\"wp-block-media-text alignwide is-stacked-on-mobile\"><figure class=\"wp-block-media-text__media\"><img loading=\"lazy\" decoding=\"async\" width=\"380\" height=\"250\" src=\"https:\/\/serrurierbourglareine.fr\/wp-content\/uploads\/2022\/12\/Depannage-de-Serrure-Bourg-la-Reine.png\" alt=\"\" class=\"wp-image-171 size-full\" srcset=\"https:\/\/serrurierbourglareine.fr\/wp-content\/uploads\/2022\/12\/Depannage-de-Serrure-Bourg-la-Reine.png 380w, https:\/\/serrurierbourglareine.fr\/wp-content\/uploads\/2022\/12\/Depannage-de-Serrure-Bourg-la-Reine-300x197.png 300w\" sizes=\"auto, (max-width: 380px) 100vw, 380px\" \/><\/figure><div class=\"wp-block-media-text__content\">\n<p class=\"has-small-font-size\"><a rel=\"noreferrer noopener\" href=\"https:\/\/serrurierbourglareine.fr\" target=\"_blank\"><strong>Serrurier Bourg-la-Reine<\/strong><\/a> vous propose une certaine rapidit\u00e9 d&rsquo;intervention, cette rapidit\u00e9 d&rsquo;intervention se manifeste sur un d\u00e9lai parfois de moins de 30 minutes pour que tous puissent rentrer dans l&rsquo;ordre.<\/p>\n\n\n\n<p class=\"has-small-font-size\">C&rsquo;est toujours plus compliqu\u00e9 d&rsquo;avoir des soucis de serrurerie lorsque vous n&rsquo;en avez pas pr\u00e9vu, certains signes parfois sont avant-coureurs et vous savez que le probl\u00e8me est en train d&rsquo;arriver, dans d&rsquo;autres cas de figure vous est pris par surprise et dans ce cas l\u00e0 vous \u00eates pris de panique.<\/p>\n\n\n\n<p class=\"has-small-font-size\">\u00c0 partir du moment o\u00f9 vous vous engagez avec l&rsquo;artisan serruriers, celui-ci va faire tout le n\u00e9cessaire pour que la situation se d\u00e9roule du possible.<\/p>\n<\/div><\/div>\n\n\n\n<div class=\"wp-block-buttons is-content-justification-center is-layout-flex wp-container-core-buttons-is-layout-a89b3969 wp-block-buttons-is-layout-flex\">\n<div class=\"wp-block-button has-custom-font-size is-style-fill has-small-font-size\"><a class=\"wp-block-button__link has-vivid-cyan-blue-background-color has-background wp-element-button\" href=\"tel:+33972392350\"><strong>09 72 39 23 50<\/strong><\/a><\/div>\n<\/div>\n\n\n\n<h2 class=\"wp-block-heading\">D\u00e9pannage serrurier \u00e0 Bourg-la-Reine 92340<\/h2>\n\n\n\n<p>En cas de p\u00e9pin, faites confiance \u00e0 un <strong>serrurier qualifi\u00e9 de Bourg-la-Reine<\/strong> pour une intervention rapide et efficace. De l\u2019ouverture de porte au changement de serrure, pour de petites r\u00e9parations comme pour des travaux plus importants, un professionnel d\u00e9panneur saura vous faciliter la vie.<\/p>\n\n\n\n<h3 class=\"wp-block-heading\">Ouverture de porte \u00e0 Bourg-la-Reine 92340<\/h3>\n\n\n\n<p>Vous avez perdu vos clefs ou celles-ci ont \u00e9t\u00e9 vol\u00e9es ? Votre serrure est d\u00e9fectueuse ou votre clef s\u2019est bris\u00e9e dans la serrure ? Vos clefs sont \u00e0 l\u2019int\u00e9rieur de votre domicile et vous avez malencontreusement claqu\u00e9 la porte ? Toutes ces situations vous laissent \u00e0 la porte de chez vous et vous contraignent \u00e0 avoir recours \u00e0 un <strong>professionnel de la serrurerie de Bourg-la-Reine<\/strong>.<\/p>\n\n\n\n<p>L\u2019<strong>ouverture de porte<\/strong> est l\u2019une des op\u00e9rations les plus courantes pour un serrurier qualifi\u00e9. Celui-ci sera donc en mesure d\u2019intervenir rapidement et efficacement.<\/p>\n\n\n\n<p>Il privil\u00e9giera toujours une <strong>ouverture fine<\/strong> de votre porte, c\u2019est-\u00e0-dire une technique qui causera le moins de d\u00e9g\u00e2t \u00e0 votre serrure et \u00e0 votre porte. Il s\u2019agit alors tout bonnement de crocheter la serrure ou de proc\u00e9der par bumping : il ins\u00e8re alors une clef \u00e0 percussion dans le cylindre, puis donne de petits coups sur la clef qui finissent par faire jouer le m\u00e9canisme de la serrure.<\/p>\n\n\n\n<p>N\u00e9anmoins, certaines serrures et certaines situations r\u00e9sistent \u00e0 ces ouvertures douces. Il faudra alors proc\u00e9der par <strong>ouverture destructrice<\/strong>. Ce type d\u2019ouverture de porte \u00e0 Bourg-la-Reine causera n\u00e9cessairement des d\u00e9g\u00e2ts \u00e0 votre cylindre. Il sera donc n\u00e9cessaire de le changer et, donc, de changer vos clefs.<\/p>\n\n\n\n<p>Si vous \u00eates \u00e9quip\u00e9 d\u2019une porte haute s\u00e9curit\u00e9, m\u00eame les techniques destructrices peuvent ne pas venir \u00e0 bout de votre serrure. D\u00e8s lors, votre artisan aura recours \u00e0 un <strong>bras de force<\/strong> ou \u00e0 un <strong>pied de biche<\/strong>, provoquant des dommages plus importants encore. M\u00eame le meilleur serrurier de Bourg-la-Reine se voit parfois contraint d\u2019utiliser un pied de biche !<\/p>\n\n\n\n<h3 class=\"wp-block-heading\">Changement de serrure \u00e0 Bourg-la-Reine 92340<\/h3>\n\n\n\n<p>Une tentative d\u2019effraction est susceptible de causer de gros d\u00e9g\u00e2ts \u00e0 votre serrure. L\u2019usure du temps, de mauvaises manipulations occasionnent \u00e9galement un fonctionnement de moins en moins efficace de celle-ci. La perte d\u2019une clef \u00e0 proximit\u00e9 de votre habitat vous force encore \u00e0 changer votre serrure. Mais un <strong>changement de serrure \u00e0 Bourg-la-Reine<\/strong> peut aussi \u00eatre un choix de votre part, si vous souhaitez par exemple renforcer sa s\u00e9curit\u00e9 en installant une serrure haute s\u00e9curit\u00e9.<\/p>\n\n\n\n<p>Un <strong>changement de serrure \u00e0 Bourg-la-Reine<\/strong> comme ailleurs n\u2019est une intervention tr\u00e8s compliqu\u00e9e. Vous pouvez tenter de proc\u00e9der vous-m\u00eame \u00e0 l\u2019op\u00e9ration, bien que le plus simple reste d\u2019avoir recours \u00e0 un serrurier qualifi\u00e9 de Bourg-la-Reine. Contactez \u00e9galement votre assurance : celle-ci peut vous demander la facture d\u2019un professionnel pour s\u2019assurer que le travail a \u00e9t\u00e9 fait dans les r\u00e8gles de l\u2019art.<\/p>\n\n\n\n<p>Le <strong>tarif d\u2019un changement de serrure<\/strong> d\u00e9pendra des frais de d\u00e9placement, du temps pass\u00e9 \u00e0 d\u00e9poser la serrure d\u2019origine et \u00e0 poser la nouvelle et de la difficult\u00e9 de la t\u00e2che. N\u2019h\u00e9sitez pas \u00e0 demander conseil \u00e0 votre serrurier : il pourra vous recommander des serrures en fonction de vos attentes.<\/p>\n\n\n\n<div class=\"wp-block-group alignwide is-layout-flow wp-block-group-is-layout-flow\" style=\"padding-top:0px;padding-right:var(--wp--preset--spacing--60);padding-bottom:80px;padding-left:var(--wp--preset--spacing--60)\">\n<h2 class=\"wp-block-heading has-text-align-left has-large-font-size\" style=\"margin-top:80px;margin-bottom:80px\"><strong>Question Fr\u00e9quente des D\u00e9pannages \u00e0 Bourg-la-Reine<\/strong><\/h2>\n\n\n\n<h3 class=\"wp-block-heading has-medium-font-size\">Que faire en cas d&rsquo;effraction ?<\/h3>\n\n\n\n<p class=\"has-small-font-size\">En cas de porte fractur\u00e9e, il faut commencer par contacter le commissariat pour s\u00e9curiser les lieux et porter plainte afin que les r\u00e9parations soient prises en charge par l&rsquo;assurance. Puis on contacte un <a href=\"https:\/\/serrurierbourglareine.fr\" target=\"_blank\" rel=\"noreferrer noopener\">serrurier \u00e0 Bourg-la-Reine<\/a>  (conseill\u00e9 ou trouv\u00e9 sur notre site): celui-ci effectuera le devis des r\u00e9parations et proc\u00e9dera dans l&rsquo;imm\u00e9diat \u00e0 une fermeture provisoire en attendant que l&rsquo;assurance donne son feu vert.<\/p>\n\n\n\n<h3 class=\"wp-block-heading has-medium-font-size\">Comment trouver un serrurier de confiance ?<\/h3>\n\n\n\n<p class=\"has-small-font-size\">Non , trouver un serrurier pas cher et professionnel n&rsquo;est pas mission impossible; Dans un premier temps, vous pouvez en discuter avec votre entourage (amis, famille, commer\u00e7ants, ou encore parents d&rsquo;\u00e9l\u00e8ves.)Ainsi, vous aurez une petite id\u00e9e des artisans \u00e0 contacter ou \u00e0 blacklister. Il faut aussi veiller \u00e0 ce que le professionnel soit agr\u00e9\u00e9 par une assurance.<\/p>\n\n\n\n<h3 class=\"wp-block-heading has-medium-font-size\">Puis-je retourner un article sans frais&nbsp;?<\/h3>\n\n\n\n<p class=\"has-small-font-size\">Nous proposons le remboursement de tous les articles qui nous sont retourn\u00e9s dans les 14&nbsp;jours suivant la date de livraison, \u00e0 l\u2019exclusion des frais de livraison. Pour demander un retour, allez dans la rubrique Gestion des commandes.<\/p>\n<\/div>\n\n\n\n<div class=\"schema-faq wp-block-yoast-faq-block\"><div class=\"schema-faq-section\" id=\"faq-question-1683653810738\"><strong class=\"schema-faq-question\"><\/strong> <p class=\"schema-faq-answer\"><\/p> <\/div> <\/div>\n\n\n<div class=\"wp-block-jetpack-contact-form is-layout-flex wp-container-jetpack-contact-form-is-layout-b7ed9015 wp-block-jetpack-contact-form-is-layout-flex\"><a href=\"https:\/\/serrurierbourglareine.fr\/index.php\/depannage\/\" target=\"_blank\" rel=\"noopener noreferrer\">Soumettre un formulaire.<\/a><\/div>\n\n\n<div class=\"wp-block-group alignfull has-background-color has-cyan-bluish-gray-background-color has-text-color has-background has-small-font-size is-vertical is-layout-flex wp-container-core-group-is-layout-7850e507 wp-block-group-is-layout-flex\" style=\"padding-top:30px;padding-bottom:30px\"><nav class=\"has-small-font-size is-responsive wp-block-navigation is-layout-flex wp-block-navigation-is-layout-flex\" aria-label=\"Navigation 2\" \n\t\t data-wp-interactive=\"core\/navigation\" data-wp-context='{\"overlayOpenedBy\":{\"click\":false,\"hover\":false,\"focus\":false},\"type\":\"overlay\",\"roleAttribute\":\"\",\"ariaLabel\":\"Menu\"}'><button aria-haspopup=\"dialog\" aria-label=\"Ouvrir le menu\" class=\"wp-block-navigation__responsive-container-open\" \n\t\t\t\tdata-wp-on--click=\"actions.openMenuOnClick\"\n\t\t\t\tdata-wp-on--keydown=\"actions.handleMenuKeydown\"\n\t\t\t><svg width=\"24\" height=\"24\" xmlns=\"http:\/\/www.w3.org\/2000\/svg\" viewBox=\"0 0 24 24\" aria-hidden=\"true\" focusable=\"false\"><path d=\"M4 7.5h16v1.5H4z\"><\/path><path d=\"M4 15h16v1.5H4z\"><\/path><\/svg><\/button>\n\t\t\t\t<div class=\"wp-block-navigation__responsive-container\"  id=\"modal-1\" \n\t\t\t\tdata-wp-class--has-modal-open=\"state.isMenuOpen\"\n\t\t\t\tdata-wp-class--is-menu-open=\"state.isMenuOpen\"\n\t\t\t\tdata-wp-watch=\"callbacks.initMenu\"\n\t\t\t\tdata-wp-on--keydown=\"actions.handleMenuKeydown\"\n\t\t\t\tdata-wp-on--focusout=\"actions.handleMenuFocusout\"\n\t\t\t\ttabindex=\"-1\"\n\t\t\t>\n\t\t\t\t\t<div class=\"wp-block-navigation__responsive-close\" tabindex=\"-1\">\n\t\t\t\t\t\t<div class=\"wp-block-navigation__responsive-dialog\" \n\t\t\t\tdata-wp-bind--aria-modal=\"state.ariaModal\"\n\t\t\t\tdata-wp-bind--aria-label=\"state.ariaLabel\"\n\t\t\t\tdata-wp-bind--role=\"state.roleAttribute\"\n\t\t\t>\n\t\t\t\t\t\t\t<button aria-label=\"Fermer le menu\" class=\"wp-block-navigation__responsive-container-close\" \n\t\t\t\tdata-wp-on--click=\"actions.closeMenuOnClick\"\n\t\t\t><svg xmlns=\"http:\/\/www.w3.org\/2000\/svg\" viewBox=\"0 0 24 24\" width=\"24\" height=\"24\" aria-hidden=\"true\" focusable=\"false\"><path d=\"m13.06 12 6.47-6.47-1.06-1.06L12 10.94 5.53 4.47 4.47 5.53 10.94 12l-6.47 6.47 1.06 1.06L12 13.06l6.47 6.47 1.06-1.06L13.06 12Z\"><\/path><\/svg><\/button>\n\t\t\t\t\t\t\t<div class=\"wp-block-navigation__responsive-container-content\" \n\t\t\t\tdata-wp-watch=\"callbacks.focusFirstElement\"\n\t\t\t id=\"modal-1-content\">\n\t\t\t\t\t\t\t\t<ul class=\"wp-block-navigation__container has-small-font-size is-responsive wp-block-navigation has-small-font-size\"><li class=\"has-small-font-size wp-block-navigation-item wp-block-navigation-link\"><a class=\"wp-block-navigation-item__content\"  href=\"https:\/\/serrurierbourglareine.fr\"><span class=\"wp-block-navigation-item__label\">Accueil<\/span><\/a><\/li><li class=\"has-small-font-size wp-block-navigation-item wp-block-navigation-link\"><a class=\"wp-block-navigation-item__content\"  href=\"https:\/\/serrurierbourglareine.fr\/index.php\/depannage\"><span class=\"wp-block-navigation-item__label\">D\u00e9pannage<\/span><\/a><\/li><li class=\"has-small-font-size wp-block-navigation-item wp-block-navigation-link\"><a class=\"wp-block-navigation-item__content\"  href=\"https:\/\/serrurierbourglareine.fr\/index.php\/installation\"><span class=\"wp-block-navigation-item__label\">Installation<\/span><\/a><\/li><li class=\"has-small-font-size wp-block-navigation-item wp-block-navigation-link\"><a class=\"wp-block-navigation-item__content\"  href=\"tel:+33972392350\"><span class=\"wp-block-navigation-item__label\">09 72 39 23 50<\/span><\/a><\/li><\/ul>\n\t\t\t\t\t\t\t<\/div>\n\t\t\t\t\t\t<\/div>\n\t\t\t\t\t<\/div>\n\t\t\t\t<\/div><\/nav>\n\n\n<div class=\"wp-block-group is-layout-flex wp-block-group-is-layout-flex\"><h1 class=\"wp-block-site-title has-small-font-size\"><a href=\"https:\/\/serrurierbourglareine.fr\" target=\"_self\" rel=\"home\">Serrurier Bourg la Reine<\/a><\/h1><\/div>\n<\/div>\n","protected":false},"excerpt":{"rendered":"<p>D\u00e9pannage de Serrurerie Bourg-la-Reine<\/p>\n","protected":false},"author":1,"featured_media":0,"parent":0,"menu_order":0,"comment_status":"closed","ping_status":"closed","template":"","meta":{"footnotes":""},"class_list":["post-66","page","type-page","status-publish","hentry"],"yoast_head":"<!-- This site is optimized with the Yoast SEO plugin v27.4 - https:\/\/yoast.com\/product\/yoast-seo-wordpress\/ -->\n<title>D\u00e9pannage de Serrurerie \u00e0 Bourg-la-Reine - Urgence 7 jours\/7<\/title>\n<meta name=\"description\" content=\"D\u00e9panneur Serrurier Bourg-la-Reine, d\u00e9pannage de porte blind\u00e9e et r\u00e9paration de serrure de 1 \u00e0 12 points de fermeture. Chez vous en 40min.\" \/>\n<meta name=\"robots\" content=\"index, follow, max-snippet:-1, max-image-preview:large, max-video-preview:-1\" \/>\n<link rel=\"canonical\" href=\"https:\/\/serrurierbourglareine.fr\/index.php\/depannage\/\" \/>\n<meta property=\"og:locale\" content=\"fr_FR\" \/>\n<meta property=\"og:type\" content=\"article\" \/>\n<meta property=\"og:title\" content=\"D\u00e9pannage de Serrurerie \u00e0 Bourg-la-Reine - Urgence 7 jours\/7\" \/>\n<meta property=\"og:description\" content=\"D\u00e9panneur Serrurier Bourg-la-Reine, d\u00e9pannage de porte blind\u00e9e et r\u00e9paration de serrure de 1 \u00e0 12 points de fermeture. Chez vous en 40min.\" \/>\n<meta property=\"og:url\" content=\"https:\/\/serrurierbourglareine.fr\/index.php\/depannage\/\" \/>\n<meta property=\"og:site_name\" content=\"Serrurier Bourg la Reine\" \/>\n<meta property=\"article:modified_time\" content=\"2023-05-09T17:37:35+00:00\" \/>\n<meta property=\"og:image\" content=\"http:\/\/serrurierbourglareine.fr\/wp-content\/uploads\/2022\/12\/Depannage-de-Serrure-Bourg-la-Reine.png\" \/>\n<meta name=\"twitter:card\" content=\"summary_large_image\" \/>\n<meta name=\"twitter:label1\" content=\"Dur\u00e9e de lecture estim\u00e9e\" \/>\n\t<meta name=\"twitter:data1\" content=\"5 minutes\" \/>\n<script type=\"application\/ld+json\" class=\"yoast-schema-graph\">{\"@context\":\"https:\\\/\\\/schema.org\",\"@graph\":[{\"@type\":[\"WebPage\",\"FAQPage\"],\"@id\":\"https:\\\/\\\/serrurierbourglareine.fr\\\/index.php\\\/depannage\\\/\",\"url\":\"https:\\\/\\\/serrurierbourglareine.fr\\\/index.php\\\/depannage\\\/\",\"name\":\"D\u00e9pannage de Serrurerie \u00e0 Bourg-la-Reine - Urgence 7 jours\\\/7\",\"isPartOf\":{\"@id\":\"https:\\\/\\\/serrurierbourglareine.fr\\\/#website\"},\"primaryImageOfPage\":{\"@id\":\"https:\\\/\\\/serrurierbourglareine.fr\\\/index.php\\\/depannage\\\/#primaryimage\"},\"image\":{\"@id\":\"https:\\\/\\\/serrurierbourglareine.fr\\\/index.php\\\/depannage\\\/#primaryimage\"},\"thumbnailUrl\":\"http:\\\/\\\/serrurierbourglareine.fr\\\/wp-content\\\/uploads\\\/2022\\\/12\\\/Depannage-de-Serrure-Bourg-la-Reine.png\",\"datePublished\":\"2022-12-09T13:31:46+00:00\",\"dateModified\":\"2023-05-09T17:37:35+00:00\",\"description\":\"D\u00e9panneur Serrurier Bourg-la-Reine, d\u00e9pannage de porte blind\u00e9e et r\u00e9paration de serrure de 1 \u00e0 12 points de fermeture. Chez vous en 40min.\",\"breadcrumb\":{\"@id\":\"https:\\\/\\\/serrurierbourglareine.fr\\\/index.php\\\/depannage\\\/#breadcrumb\"},\"inLanguage\":\"fr-FR\",\"potentialAction\":[{\"@type\":\"ReadAction\",\"target\":[\"https:\\\/\\\/serrurierbourglareine.fr\\\/index.php\\\/depannage\\\/\"]}]},{\"@type\":\"ImageObject\",\"inLanguage\":\"fr-FR\",\"@id\":\"https:\\\/\\\/serrurierbourglareine.fr\\\/index.php\\\/depannage\\\/#primaryimage\",\"url\":\"http:\\\/\\\/serrurierbourglareine.fr\\\/wp-content\\\/uploads\\\/2022\\\/12\\\/Depannage-de-Serrure-Bourg-la-Reine.png\",\"contentUrl\":\"http:\\\/\\\/serrurierbourglareine.fr\\\/wp-content\\\/uploads\\\/2022\\\/12\\\/Depannage-de-Serrure-Bourg-la-Reine.png\"},{\"@type\":\"BreadcrumbList\",\"@id\":\"https:\\\/\\\/serrurierbourglareine.fr\\\/index.php\\\/depannage\\\/#breadcrumb\",\"itemListElement\":[{\"@type\":\"ListItem\",\"position\":1,\"name\":\"Accueil\",\"item\":\"https:\\\/\\\/serrurierbourglareine.fr\\\/\"},{\"@type\":\"ListItem\",\"position\":2,\"name\":\"D\u00e9pannage de Serrurerie \u00e0 Bourg-la-Reine\"}]},{\"@type\":\"WebSite\",\"@id\":\"https:\\\/\\\/serrurierbourglareine.fr\\\/#website\",\"url\":\"https:\\\/\\\/serrurierbourglareine.fr\\\/\",\"name\":\"Serrurier Bourg la Reine\",\"description\":\"Artisan Serrurier\",\"publisher\":{\"@id\":\"https:\\\/\\\/serrurierbourglareine.fr\\\/#organization\"},\"potentialAction\":[{\"@type\":\"SearchAction\",\"target\":{\"@type\":\"EntryPoint\",\"urlTemplate\":\"https:\\\/\\\/serrurierbourglareine.fr\\\/?s={search_term_string}\"},\"query-input\":{\"@type\":\"PropertyValueSpecification\",\"valueRequired\":true,\"valueName\":\"search_term_string\"}}],\"inLanguage\":\"fr-FR\"},{\"@type\":\"Organization\",\"@id\":\"https:\\\/\\\/serrurierbourglareine.fr\\\/#organization\",\"name\":\"Serrurier Bourg la Reine\",\"url\":\"https:\\\/\\\/serrurierbourglareine.fr\\\/\",\"logo\":{\"@type\":\"ImageObject\",\"inLanguage\":\"fr-FR\",\"@id\":\"https:\\\/\\\/serrurierbourglareine.fr\\\/#\\\/schema\\\/logo\\\/image\\\/\",\"url\":\"https:\\\/\\\/serrurierbourglareine.fr\\\/wp-content\\\/uploads\\\/2022\\\/12\\\/LOGO-serrurier.png\",\"contentUrl\":\"https:\\\/\\\/serrurierbourglareine.fr\\\/wp-content\\\/uploads\\\/2022\\\/12\\\/LOGO-serrurier.png\",\"width\":358,\"height\":358,\"caption\":\"Serrurier Bourg la Reine\"},\"image\":{\"@id\":\"https:\\\/\\\/serrurierbourglareine.fr\\\/#\\\/schema\\\/logo\\\/image\\\/\"}}]}<\/script>\n<!-- \/ Yoast SEO plugin. -->","yoast_head_json":{"title":"D\u00e9pannage de Serrurerie \u00e0 Bourg-la-Reine - Urgence 7 jours\/7","description":"D\u00e9panneur Serrurier Bourg-la-Reine, d\u00e9pannage de porte blind\u00e9e et r\u00e9paration de serrure de 1 \u00e0 12 points de fermeture. Chez vous en 40min.","robots":{"index":"index","follow":"follow","max-snippet":"max-snippet:-1","max-image-preview":"max-image-preview:large","max-video-preview":"max-video-preview:-1"},"canonical":"https:\/\/serrurierbourglareine.fr\/index.php\/depannage\/","og_locale":"fr_FR","og_type":"article","og_title":"D\u00e9pannage de Serrurerie \u00e0 Bourg-la-Reine - Urgence 7 jours\/7","og_description":"D\u00e9panneur Serrurier Bourg-la-Reine, d\u00e9pannage de porte blind\u00e9e et r\u00e9paration de serrure de 1 \u00e0 12 points de fermeture. Chez vous en 40min.","og_url":"https:\/\/serrurierbourglareine.fr\/index.php\/depannage\/","og_site_name":"Serrurier Bourg la Reine","article_modified_time":"2023-05-09T17:37:35+00:00","og_image":[{"url":"http:\/\/serrurierbourglareine.fr\/wp-content\/uploads\/2022\/12\/Depannage-de-Serrure-Bourg-la-Reine.png","type":"","width":"","height":""}],"twitter_card":"summary_large_image","twitter_misc":{"Dur\u00e9e de lecture estim\u00e9e":"5 minutes"},"schema":{"@context":"https:\/\/schema.org","@graph":[{"@type":["WebPage","FAQPage"],"@id":"https:\/\/serrurierbourglareine.fr\/index.php\/depannage\/","url":"https:\/\/serrurierbourglareine.fr\/index.php\/depannage\/","name":"D\u00e9pannage de Serrurerie \u00e0 Bourg-la-Reine - Urgence 7 jours\/7","isPartOf":{"@id":"https:\/\/serrurierbourglareine.fr\/#website"},"primaryImageOfPage":{"@id":"https:\/\/serrurierbourglareine.fr\/index.php\/depannage\/#primaryimage"},"image":{"@id":"https:\/\/serrurierbourglareine.fr\/index.php\/depannage\/#primaryimage"},"thumbnailUrl":"http:\/\/serrurierbourglareine.fr\/wp-content\/uploads\/2022\/12\/Depannage-de-Serrure-Bourg-la-Reine.png","datePublished":"2022-12-09T13:31:46+00:00","dateModified":"2023-05-09T17:37:35+00:00","description":"D\u00e9panneur Serrurier Bourg-la-Reine, d\u00e9pannage de porte blind\u00e9e et r\u00e9paration de serrure de 1 \u00e0 12 points de fermeture. Chez vous en 40min.","breadcrumb":{"@id":"https:\/\/serrurierbourglareine.fr\/index.php\/depannage\/#breadcrumb"},"inLanguage":"fr-FR","potentialAction":[{"@type":"ReadAction","target":["https:\/\/serrurierbourglareine.fr\/index.php\/depannage\/"]}]},{"@type":"ImageObject","inLanguage":"fr-FR","@id":"https:\/\/serrurierbourglareine.fr\/index.php\/depannage\/#primaryimage","url":"http:\/\/serrurierbourglareine.fr\/wp-content\/uploads\/2022\/12\/Depannage-de-Serrure-Bourg-la-Reine.png","contentUrl":"http:\/\/serrurierbourglareine.fr\/wp-content\/uploads\/2022\/12\/Depannage-de-Serrure-Bourg-la-Reine.png"},{"@type":"BreadcrumbList","@id":"https:\/\/serrurierbourglareine.fr\/index.php\/depannage\/#breadcrumb","itemListElement":[{"@type":"ListItem","position":1,"name":"Accueil","item":"https:\/\/serrurierbourglareine.fr\/"},{"@type":"ListItem","position":2,"name":"D\u00e9pannage de Serrurerie \u00e0 Bourg-la-Reine"}]},{"@type":"WebSite","@id":"https:\/\/serrurierbourglareine.fr\/#website","url":"https:\/\/serrurierbourglareine.fr\/","name":"Serrurier Bourg la Reine","description":"Artisan Serrurier","publisher":{"@id":"https:\/\/serrurierbourglareine.fr\/#organization"},"potentialAction":[{"@type":"SearchAction","target":{"@type":"EntryPoint","urlTemplate":"https:\/\/serrurierbourglareine.fr\/?s={search_term_string}"},"query-input":{"@type":"PropertyValueSpecification","valueRequired":true,"valueName":"search_term_string"}}],"inLanguage":"fr-FR"},{"@type":"Organization","@id":"https:\/\/serrurierbourglareine.fr\/#organization","name":"Serrurier Bourg la Reine","url":"https:\/\/serrurierbourglareine.fr\/","logo":{"@type":"ImageObject","inLanguage":"fr-FR","@id":"https:\/\/serrurierbourglareine.fr\/#\/schema\/logo\/image\/","url":"https:\/\/serrurierbourglareine.fr\/wp-content\/uploads\/2022\/12\/LOGO-serrurier.png","contentUrl":"https:\/\/serrurierbourglareine.fr\/wp-content\/uploads\/2022\/12\/LOGO-serrurier.png","width":358,"height":358,"caption":"Serrurier Bourg la Reine"},"image":{"@id":"https:\/\/serrurierbourglareine.fr\/#\/schema\/logo\/image\/"}}]}},"jetpack_sharing_enabled":true,"_links":{"self":[{"href":"https:\/\/serrurierbourglareine.fr\/index.php\/wp-json\/wp\/v2\/pages\/66","targetHints":{"allow":["GET"]}}],"collection":[{"href":"https:\/\/serrurierbourglareine.fr\/index.php\/wp-json\/wp\/v2\/pages"}],"about":[{"href":"https:\/\/serrurierbourglareine.fr\/index.php\/wp-json\/wp\/v2\/types\/page"}],"author":[{"embeddable":true,"href":"https:\/\/serrurierbourglareine.fr\/index.php\/wp-json\/wp\/v2\/users\/1"}],"replies":[{"embeddable":true,"href":"https:\/\/serrurierbourglareine.fr\/index.php\/wp-json\/wp\/v2\/comments?post=66"}],"version-history":[{"count":10,"href":"https:\/\/serrurierbourglareine.fr\/index.php\/wp-json\/wp\/v2\/pages\/66\/revisions"}],"predecessor-version":[{"id":259,"href":"https:\/\/serrurierbourglareine.fr\/index.php\/wp-json\/wp\/v2\/pages\/66\/revisions\/259"}],"wp:attachment":[{"href":"https:\/\/serrurierbourglareine.fr\/index.php\/wp-json\/wp\/v2\/media?parent=66"}],"curies":[{"name":"wp","href":"https:\/\/api.w.org\/{rel}","templated":true}]}}